{"id":432,"date":"2021-03-24T22:52:56","date_gmt":"2021-03-24T22:52:56","guid":{"rendered":"https:\/\/qreatix-theme.jkdevstudio.com\/?page_id=432"},"modified":"2025-05-06T01:03:38","modified_gmt":"2025-05-05T23:03:38","slug":"a-propos","status":"publish","type":"page","link":"https:\/\/staging.chokago.com\/wp4\/a-propos\/","title":{"rendered":"\u00c0 propos"},"content":{"rendered":"\t\t<div data-elementor-type=\"wp-page\" data-elementor-id=\"432\" class=\"elementor elementor-432\">\n\t\t\t\t<div class=\"elementor-element elementor-element-89a7813 e-flex e-con-boxed e-con e-parent\" data-id=\"89a7813\" data-element_type=\"container\">\n\t\t\t\t\t<div class=\"e-con-inner\">\n\t\t\t\t<div class=\"elementor-element elementor-element-2fce0ea elementor-widget elementor-widget-heading\" data-id=\"2fce0ea\" data-element_type=\"widget\" data-widget_type=\"heading.default\">\n\t\t\t\t<div class=\"elementor-widget-container\">\n\t\t\t\t\t<h2 class=\"elementor-heading-title elementor-size-default\"><a href=\"https:\/\/drive.google.com\/file\/d\/1fc8OmJ5fsgweW2YoEP8Nsyrb6w6RdgK_\/view?usp=sharing\" target=\"_blank\"><span class=\"cv\">Mon CV<\/span><\/a><\/h2>\t\t\t\t<\/div>\n\t\t\t\t<\/div>\n\t\t\t\t\t<\/div>\n\t\t\t\t<\/div>\n\t\t<div class=\"elementor-element elementor-element-404186b e-flex e-con-boxed e-con e-parent\" data-id=\"404186b\" data-element_type=\"container\">\n\t\t\t\t\t<div class=\"e-con-inner\">\n\t\t<div class=\"elementor-element elementor-element-84feeab e-con-full e-flex e-con e-child\" data-id=\"84feeab\" data-element_type=\"container\">\n\t\t\t\t<div class=\"elementor-element elementor-element-cd17215 elementor-widget elementor-widget-image\" data-id=\"cd17215\" data-element_type=\"widget\" data-widget_type=\"image.default\">\n\t\t\t\t<div class=\"elementor-widget-container\">\n\t\t\t\t\t\t\t\t\t\t\t\t\t\t\t<img fetchpriority=\"high\" decoding=\"async\" width=\"820\" height=\"820\" src=\"https:\/\/staging.chokago.com\/wp4\/wp-content\/uploads\/2024\/04\/ma-nyundu-chokago-profile-pic.jpg\" class=\"attachment-large size-large wp-image-10621\" alt=\"\" srcset=\"https:\/\/staging.chokago.com\/wp4\/wp-content\/uploads\/2024\/04\/ma-nyundu-chokago-profile-pic.jpg 820w, https:\/\/staging.chokago.com\/wp4\/wp-content\/uploads\/2024\/04\/ma-nyundu-chokago-profile-pic-300x300.jpg 300w, https:\/\/staging.chokago.com\/wp4\/wp-content\/uploads\/2024\/04\/ma-nyundu-chokago-profile-pic-150x150.jpg 150w, https:\/\/staging.chokago.com\/wp4\/wp-content\/uploads\/2024\/04\/ma-nyundu-chokago-profile-pic-768x768.jpg 768w, https:\/\/staging.chokago.com\/wp4\/wp-content\/uploads\/2024\/04\/ma-nyundu-chokago-profile-pic-540x540.jpg 540w\" sizes=\"(max-width: 820px) 100vw, 820px\" \/>\t\t\t\t\t\t\t\t\t\t\t\t\t\t\t<\/div>\n\t\t\t\t<\/div>\n\t\t\t\t<\/div>\n\t\t<div class=\"elementor-element elementor-element-6a48df5 e-con-full e-flex e-con e-child\" data-id=\"6a48df5\" data-element_type=\"container\">\n\t\t<div class=\"elementor-element elementor-element-db24de6 e-flex e-con-boxed e-con e-child\" data-id=\"db24de6\" data-element_type=\"container\">\n\t\t\t\t\t<div class=\"e-con-inner\">\n\t\t<div class=\"elementor-element elementor-element-bb3e221 e-flex e-con-boxed e-con e-child\" data-id=\"bb3e221\" data-element_type=\"container\">\n\t\t\t\t\t<div class=\"e-con-inner\">\n\t\t\t\t<div class=\"elementor-element elementor-element-b721b6d elementor-widget elementor-widget-text-editor\" data-id=\"b721b6d\" data-element_type=\"widget\" data-widget_type=\"text-editor.default\">\n\t\t\t\t<div class=\"elementor-widget-container\">\n\t\t\t\t\t\t\t\t\t<h6><strong>Je suis <\/strong>Product Designer depuis 7 ans<strong>, sp\u00e9cialis\u00e9e dans la conception de\u00a0<\/strong>SaaS<strong> complexes orient\u00e9s<\/strong>\u00a0B2B et B2C<strong> dans les secteurs de l&#8217;\u00e9nergie, l&#8217;insurtech et l&#8217;immobilier.<\/strong><\/h6><h6 dir=\"auto\"><strong>\u00a0<\/strong><\/h6><h6><strong>Mon profil<\/strong> data-driven<strong> et mon int\u00e9r\u00eat pour <\/strong>l&#8217;\u00e9vang\u00e9lisation du Product Design<strong> me poussent \u00e0 promouvoir la voix du design via la user research, les ateliers, et les pr\u00e9sentations.<\/strong><\/h6><h6><strong>\u00a0<\/strong><\/h6><h6><strong>J&#8217;ai d\u00e9but\u00e9 comme <\/strong>premier\u00a0designer<strong> dans une cleantech en forte croissance, g\u00e9rant les d\u00e9fis de <\/strong>scale<strong>, d&#8217;<\/strong>organisation<strong> et de mise en place de <\/strong>nouveaux process<strong>.<\/strong><\/h6><h6><strong>\u00a0<\/strong><\/h6><h6><strong>J&#8217;ai pour habitude de <\/strong>collaborer avec les \u00e9quipes tech et non-tech\u00a0<strong>et de participer activement au suivi et \u00e0 la mont\u00e9e en comp\u00e9tences des designers que je mentore.<\/strong><\/h6><h6><strong>\u00a0<\/strong><\/h6><h6><strong>Issue d&#8217;un <\/strong>cursus en DA<strong>, j&#8217;ai eu l&#8217;opportunit\u00e9 de travailler sur des projets vari\u00e9s, incluant l<\/strong>&#8216;int\u00e9gration web<strong>, le <\/strong>branding<strong>, le <\/strong>motion design<strong>, ainsi que l&#8217;<\/strong>UX et l&#8217;UI design.<\/h6>\t\t\t\t\t\t\t\t<\/div>\n\t\t\t\t<\/div>\n\t\t\t\t\t<\/div>\n\t\t\t\t<\/div>\n\t\t\t\t\t<\/div>\n\t\t\t\t<\/div>\n\t\t\t\t<\/div>\n\t\t\t\t\t<\/div>\n\t\t\t\t<\/div>\n\t\t<div class=\"elementor-element elementor-element-ea1deb1 e-flex e-con-boxed e-con e-parent\" data-id=\"ea1deb1\" data-element_type=\"container\">\n\t\t\t\t\t<div class=\"e-con-inner\">\n\t\t\t\t<div class=\"elementor-element elementor-element-377c03b elementor-widget elementor-widget-heading\" data-id=\"377c03b\" data-element_type=\"widget\" data-widget_type=\"heading.default\">\n\t\t\t\t<div class=\"elementor-widget-container\">\n\t\t\t\t\t<h1 class=\"elementor-heading-title elementor-size-default\">j\u2019aime...<\/h1>\t\t\t\t<\/div>\n\t\t\t\t<\/div>\n\t\t\t\t\t<\/div>\n\t\t\t\t<\/div>\n\t\t<div class=\"elementor-element elementor-element-e861f16 e-grid e-con-boxed e-con e-parent\" data-id=\"e861f16\" data-element_type=\"container\">\n\t\t\t\t\t<div class=\"e-con-inner\">\n\t\t\t\t<div class=\"elementor-element elementor-element-73604d9 elementor-widget elementor-widget-image\" data-id=\"73604d9\" data-element_type=\"widget\" data-widget_type=\"image.default\">\n\t\t\t\t<div class=\"elementor-widget-container\">\n\t\t\t\t\t\t\t\t\t\t\t\t<figure class=\"wp-caption\">\n\t\t\t\t\t\t\t\t\t\t<img decoding=\"async\" width=\"600\" height=\"450\" src=\"https:\/\/staging.chokago.com\/wp4\/wp-content\/uploads\/2024\/06\/meme-futurama-jpg.avif\" class=\"attachment-2048x2048 size-2048x2048 wp-image-11270\" alt=\"\" srcset=\"https:\/\/staging.chokago.com\/wp4\/wp-content\/uploads\/2024\/06\/meme-futurama-jpg.avif 600w, https:\/\/staging.chokago.com\/wp4\/wp-content\/uploads\/2024\/06\/meme-futurama-300x225.avif 300w\" sizes=\"(max-width: 600px) 100vw, 600px\" \/>\t\t\t\t\t\t\t\t\t\t\t<figcaption class=\"widget-image-caption wp-caption-text\">Les memes cibl\u00e9s<\/figcaption>\n\t\t\t\t\t\t\t\t\t\t<\/figure>\n\t\t\t\t\t\t\t\t\t<\/div>\n\t\t\t\t<\/div>\n\t\t\t\t<div class=\"elementor-element elementor-element-5269b79 elementor-widget elementor-widget-image\" data-id=\"5269b79\" data-element_type=\"widget\" data-widget_type=\"image.default\">\n\t\t\t\t<div class=\"elementor-widget-container\">\n\t\t\t\t\t\t\t\t\t\t\t\t<figure class=\"wp-caption\">\n\t\t\t\t\t\t\t\t\t\t<img decoding=\"async\" width=\"2000\" height=\"1500\" src=\"https:\/\/staging.chokago.com\/wp4\/wp-content\/uploads\/2024\/06\/IMG_8699-min2-min-jpg.avif\" class=\"attachment-2048x2048 size-2048x2048 wp-image-11265\" alt=\"\" srcset=\"https:\/\/staging.chokago.com\/wp4\/wp-content\/uploads\/2024\/06\/IMG_8699-min2-min-jpg.avif 2000w, https:\/\/staging.chokago.com\/wp4\/wp-content\/uploads\/2024\/06\/IMG_8699-min2-min-300x225.avif 300w, https:\/\/staging.chokago.com\/wp4\/wp-content\/uploads\/2024\/06\/IMG_8699-min2-min-1024x768.avif 1024w, https:\/\/staging.chokago.com\/wp4\/wp-content\/uploads\/2024\/06\/IMG_8699-min2-min-768x576.avif 768w, https:\/\/staging.chokago.com\/wp4\/wp-content\/uploads\/2024\/06\/IMG_8699-min2-min-1536x1152.avif 1536w\" sizes=\"(max-width: 2000px) 100vw, 2000px\" \/>\t\t\t\t\t\t\t\t\t\t\t<figcaption class=\"widget-image-caption wp-caption-text\">Les beaux livres graphiques<\/figcaption>\n\t\t\t\t\t\t\t\t\t\t<\/figure>\n\t\t\t\t\t\t\t\t\t<\/div>\n\t\t\t\t<\/div>\n\t\t\t\t<div class=\"elementor-element elementor-element-333daa2 elementor-widget elementor-widget-image\" data-id=\"333daa2\" data-element_type=\"widget\" data-widget_type=\"image.default\">\n\t\t\t\t<div class=\"elementor-widget-container\">\n\t\t\t\t\t\t\t\t\t\t\t\t<figure class=\"wp-caption\">\n\t\t\t\t\t\t\t\t\t\t<img loading=\"lazy\" decoding=\"async\" width=\"2000\" height=\"1500\" src=\"https:\/\/staging.chokago.com\/wp4\/wp-content\/uploads\/2024\/06\/expo-immersive-3-jpg.avif\" class=\"attachment-2048x2048 size-2048x2048 wp-image-11269\" alt=\"\" srcset=\"https:\/\/staging.chokago.com\/wp4\/wp-content\/uploads\/2024\/06\/expo-immersive-3-jpg.avif 2000w, https:\/\/staging.chokago.com\/wp4\/wp-content\/uploads\/2024\/06\/expo-immersive-3-300x225.avif 300w, https:\/\/staging.chokago.com\/wp4\/wp-content\/uploads\/2024\/06\/expo-immersive-3-1024x768.avif 1024w, https:\/\/staging.chokago.com\/wp4\/wp-content\/uploads\/2024\/06\/expo-immersive-3-768x576.avif 768w, https:\/\/staging.chokago.com\/wp4\/wp-content\/uploads\/2024\/06\/expo-immersive-3-1536x1152.avif 1536w\" sizes=\"(max-width: 2000px) 100vw, 2000px\" \/>\t\t\t\t\t\t\t\t\t\t\t<figcaption class=\"widget-image-caption wp-caption-text\">Les expositions immersives<\/figcaption>\n\t\t\t\t\t\t\t\t\t\t<\/figure>\n\t\t\t\t\t\t\t\t\t<\/div>\n\t\t\t\t<\/div>\n\t\t\t\t<div class=\"elementor-element elementor-element-63a35a0 elementor-widget elementor-widget-image\" data-id=\"63a35a0\" data-element_type=\"widget\" data-widget_type=\"image.default\">\n\t\t\t\t<div class=\"elementor-widget-container\">\n\t\t\t\t\t\t\t\t\t\t\t\t<figure class=\"wp-caption\">\n\t\t\t\t\t\t\t\t\t\t<img loading=\"lazy\" decoding=\"async\" width=\"320\" height=\"239\" src=\"https:\/\/staging.chokago.com\/wp4\/wp-content\/uploads\/2025\/04\/zelda_minish_cap_cut_reduce5_static.avif\" class=\"attachment-2048x2048 size-2048x2048 wp-image-11663\" alt=\"\" srcset=\"https:\/\/staging.chokago.com\/wp4\/wp-content\/uploads\/2025\/04\/zelda_minish_cap_cut_reduce5_static.avif 320w, https:\/\/staging.chokago.com\/wp4\/wp-content\/uploads\/2025\/04\/zelda_minish_cap_cut_reduce5_static-300x224.avif 300w\" sizes=\"(max-width: 320px) 100vw, 320px\" \/>\t\t\t\t\t\t\t\t\t\t\t<figcaption class=\"widget-image-caption wp-caption-text\">Les jeux vid\u00e9os nostalgiques<\/figcaption>\n\t\t\t\t\t\t\t\t\t\t<\/figure>\n\t\t\t\t\t\t\t\t\t<\/div>\n\t\t\t\t<\/div>\n\t\t\t\t\t<\/div>\n\t\t\t\t<\/div>\n\t\t\t\t<\/div>\n\t\t","protected":false},"excerpt":{"rendered":"<p>Mon CV Je suis Product Designer depuis 7 ans, sp\u00e9cialis\u00e9e dans la conception de\u00a0SaaS complexes orient\u00e9s\u00a0B2B et B2C dans les secteurs de l&#8217;\u00e9nergie, l&#8217;insurtech et l&#8217;immobilier. \u00a0 Mon profil data-driven et mon int\u00e9r\u00eat pour l&#8217;\u00e9vang\u00e9lisation du Product Design me poussent \u00e0 promouvoir la voix du design via la user research, les ateliers, et les pr\u00e9sentations. [&hellip;]<\/p>\n","protected":false},"author":1,"featured_media":0,"parent":0,"menu_order":0,"comment_status":"closed","ping_status":"closed","template":"","meta":{"_acf_changed":false,"footnotes":""},"class_list":["post-432","page","type-page","status-publish","hentry"],"acf":[],"_links":{"self":[{"href":"https:\/\/staging.chokago.com\/wp4\/wp-json\/wp\/v2\/pages\/432","targetHints":{"allow":["GET"]}}],"collection":[{"href":"https:\/\/staging.chokago.com\/wp4\/wp-json\/wp\/v2\/pages"}],"about":[{"href":"https:\/\/staging.chokago.com\/wp4\/wp-json\/wp\/v2\/types\/page"}],"author":[{"embeddable":true,"href":"https:\/\/staging.chokago.com\/wp4\/wp-json\/wp\/v2\/users\/1"}],"replies":[{"embeddable":true,"href":"https:\/\/staging.chokago.com\/wp4\/wp-json\/wp\/v2\/comments?post=432"}],"version-history":[{"count":24,"href":"https:\/\/staging.chokago.com\/wp4\/wp-json\/wp\/v2\/pages\/432\/revisions"}],"predecessor-version":[{"id":11814,"href":"https:\/\/staging.chokago.com\/wp4\/wp-json\/wp\/v2\/pages\/432\/revisions\/11814"}],"wp:attachment":[{"href":"https:\/\/staging.chokago.com\/wp4\/wp-json\/wp\/v2\/media?parent=432"}],"curies":[{"name":"wp","href":"https:\/\/api.w.org\/{rel}","templated":true}]}}